{"id":134,"date":"2025-07-05T08:45:14","date_gmt":"2025-07-05T08:45:14","guid":{"rendered":"https:\/\/jebliya.ma\/?post_type=product&#038;p=134"},"modified":"2025-09-19T18:30:06","modified_gmt":"2025-09-19T18:30:06","slug":"olives","status":"publish","type":"product","link":"https:\/\/jebliya.ma\/fr\/produit\/olives\/","title":{"rendered":"\u0632\u064a\u062a\u0648\u0646 \u0623\u0633\u0648\u062f \u0645\u063a\u0631\u0628\u064a 500 \u063a \u2013 \u0646\u0643\u0647\u0629 \u0623\u0635\u064a\u0644\u0629"},"content":{"rendered":"","protected":false},"excerpt":{"rendered":"<p>500 \u063a \u0645\u0646 \u0627\u0644\u0632\u064a\u062a\u0648\u0646 \u0627\u0644\u0623\u0633\u0648\u062f \u0627\u0644\u0645\u063a\u0631\u0628\u064a\u060c \u0645\u064f\u062d\u0636\u0651\u064e\u0631 \u0628\u0637\u0631\u064a\u0642\u0629 \u062a\u0642\u0644\u064a\u062f\u064a\u0629 \u0644\u064a\u0645\u0646\u062d\u0643 \u0645\u0630\u0627\u0642\u0627\u064b \u0644\u0630\u064a\u0630\u0627\u064b \u0648\u0642\u0648\u0627\u0645\u0627\u064b \u0637\u0631\u064a\u0627\u064b. \u0645\u062b\u0627\u0644\u064a \u0644\u0644\u0637\u0648\u0627\u062c\u0646 \u0648\u0627\u0644\u0623\u0637\u0628\u0627\u0642 \u0627\u0644\u0645\u063a\u0631\u0628\u064a\u0629.<br data-start=\"1307\" data-end=\"1310\" \/>\u2728 \u0645\u0635\u062f\u0631 \u0637\u0628\u064a\u0639\u064a \u0644\u0644\u0623\u0644\u064a\u0627\u0641<br data-start=\"1330\" data-end=\"1333\" \/>\u2728 \u0637\u0639\u0645 \u0645\u062a\u0648\u0627\u0632\u0646 \u0648\u063a\u0646\u064a<br data-start=\"1350\" data-end=\"1353\" \/>\u2728 \u0645\u0646\u062a\u062c \u0637\u0628\u064a\u0639\u064a 100%<\/p>\n<p>Savourez le go\u00fbt intense et l\u00e9g\u00e8rement sal\u00e9 des olives noires de nos terroirs marocains. Pr\u00e9par\u00e9es de mani\u00e8re artisanale, elles accompagnent parfaitement vos salades, tajines et ap\u00e9ritifs.<br data-start=\"1043\" data-end=\"1046\" \/>\ud83c\udf3f Texture charnue et go\u00fbt \u00e9quilibr\u00e9<br data-start=\"1082\" data-end=\"1085\" \/>\ud83c\udf3f Source naturelle de fibres et min\u00e9raux<br data-start=\"1126\" data-end=\"1129\" \/>\ud83c\udf3f Id\u00e9ales pour la cuisine m\u00e9diterran\u00e9enne<\/p>\n<p>Poids: 500g<\/p>","protected":false},"featured_media":664,"comment_status":"open","ping_status":"closed","template":"","meta":[],"product_brand":[],"product_cat":[25],"product_tag":[],"class_list":{"0":"post-134","1":"product","2":"type-product","3":"status-publish","4":"has-post-thumbnail","6":"product_cat-olives","8":"first","9":"instock","10":"shipping-taxable","11":"purchasable","12":"product-type-simple"},"_links":{"self":[{"href":"https:\/\/jebliya.ma\/fr\/wp-json\/wp\/v2\/product\/134","targetHints":{"allow":["GET"]}}],"collection":[{"href":"https:\/\/jebliya.ma\/fr\/wp-json\/wp\/v2\/product"}],"about":[{"href":"https:\/\/jebliya.ma\/fr\/wp-json\/wp\/v2\/types\/product"}],"replies":[{"embeddable":true,"href":"https:\/\/jebliya.ma\/fr\/wp-json\/wp\/v2\/comments?post=134"}],"version-history":[{"count":4,"href":"https:\/\/jebliya.ma\/fr\/wp-json\/wp\/v2\/product\/134\/revisions"}],"predecessor-version":[{"id":672,"href":"https:\/\/jebliya.ma\/fr\/wp-json\/wp\/v2\/product\/134\/revisions\/672"}],"wp:featuredmedia":[{"embeddable":true,"href":"https:\/\/jebliya.ma\/fr\/wp-json\/wp\/v2\/media\/664"}],"wp:attachment":[{"href":"https:\/\/jebliya.ma\/fr\/wp-json\/wp\/v2\/media?parent=134"}],"wp:term":[{"taxonomy":"product_brand","embeddable":true,"href":"https:\/\/jebliya.ma\/fr\/wp-json\/wp\/v2\/product_brand?post=134"},{"taxonomy":"product_cat","embeddable":true,"href":"https:\/\/jebliya.ma\/fr\/wp-json\/wp\/v2\/product_cat?post=134"},{"taxonomy":"product_tag","embeddable":true,"href":"https:\/\/jebliya.ma\/fr\/wp-json\/wp\/v2\/product_tag?post=134"}],"curies":[{"name":"wp","href":"https:\/\/api.w.org\/{rel}","templated":true}]}}