{"id":143,"date":"2025-07-05T08:59:29","date_gmt":"2025-07-05T08:59:29","guid":{"rendered":"https:\/\/jebliya.ma\/?post_type=product&#038;p=143"},"modified":"2025-09-19T18:38:42","modified_gmt":"2025-09-19T18:38:42","slug":"beauty-and-herbs","status":"publish","type":"product","link":"https:\/\/jebliya.ma\/fr\/produit\/beauty-and-herbs\/","title":{"rendered":"\u0623\u0648\u0631\u0627\u0642 \u0627\u0644\u0633\u062f\u0631 \u0627\u0644\u0645\u062c\u0641\u0641\u0629 75 \u063a \u2013 \u0637\u0628\u064a\u0639\u064a\u0629 100%"},"content":{"rendered":"","protected":false},"excerpt":{"rendered":"<p>\u0623\u0648\u0631\u0627\u0642 \u0627\u0644\u0633\u062f\u0631 \u0627\u0644\u0645\u063a\u0631\u0628\u064a\u0629 \u0627\u0644\u0645\u062c\u0641\u0641\u0629 \u0628\u0639\u0646\u0627\u064a\u0629\u060c \u062a\u064f\u0639\u0631\u0641 \u0628\u0641\u0648\u0627\u0626\u062f\u0647\u0627 \u0627\u0644\u0639\u0644\u0627\u062c\u064a\u0629 \u0648\u0627\u0644\u062a\u062c\u0645\u064a\u0644\u064a\u0629 \u0645\u0646\u0630 \u0627\u0644\u0642\u062f\u0645. \u062a\u0633\u062a\u0639\u0645\u0644 \u0641\u064a \u0627\u0644\u0639\u0646\u0627\u064a\u0629 \u0628\u0627\u0644\u0634\u0639\u0631\u060c \u062a\u0646\u0638\u064a\u0641 \u0627\u0644\u0628\u0634\u0631\u0629\u060c \u0648\u0627\u0644\u0631\u0627\u062d\u0629 \u0627\u0644\u0631\u0648\u062d\u064a\u0629.<br data-start=\"366\" data-end=\"369\" \/>\u2728 \u064a\u0642\u0648\u064a \u0627\u0644\u0634\u0639\u0631 \u0648\u064a\u0646\u0638\u0641 \u0641\u0631\u0648\u0629 \u0627\u0644\u0631\u0623\u0633<br data-start=\"398\" data-end=\"401\" \/>\u2728 \u064a\u0647\u062f\u0626 \u0627\u0644\u0628\u0634\u0631\u0629 \u0648\u064a\u0645\u0646\u062d \u0627\u0644\u0627\u0646\u062a\u0639\u0627\u0634<br data-start=\"429\" data-end=\"432\" \/>\u2728 \u0645\u0646\u062a\u062c \u0637\u0628\u064a\u0639\u064a \u0648\u062e\u0627\u0645<\/p>\n<p>Les feuilles de sidr s\u00e9ch\u00e9es, connues depuis des si\u00e8cles pour leurs bienfaits th\u00e9rapeutiques et cosm\u00e9tiques. Utilis\u00e9es pour le soin des cheveux, la purification de la peau et le bien-\u00eatre spirituel.<br data-start=\"746\" data-end=\"749\" \/>\ud83c\udf3f Fortifie les cheveux et le cuir chevelu<br data-start=\"791\" data-end=\"794\" \/>\ud83c\udf3f Apaise la peau et apporte de la fra\u00eecheur<br data-start=\"838\" data-end=\"841\" \/>\ud83c\udf3f Produit naturel et brut<\/p>","protected":false},"featured_media":661,"comment_status":"open","ping_status":"closed","template":"","meta":[],"product_brand":[],"product_cat":[15],"product_tag":[],"class_list":{"0":"post-143","1":"product","2":"type-product","3":"status-publish","4":"has-post-thumbnail","6":"product_cat-beauty-and-herbs-2","8":"first","9":"instock","10":"shipping-taxable","11":"purchasable","12":"product-type-simple"},"_links":{"self":[{"href":"https:\/\/jebliya.ma\/fr\/wp-json\/wp\/v2\/product\/143","targetHints":{"allow":["GET"]}}],"collection":[{"href":"https:\/\/jebliya.ma\/fr\/wp-json\/wp\/v2\/product"}],"about":[{"href":"https:\/\/jebliya.ma\/fr\/wp-json\/wp\/v2\/types\/product"}],"replies":[{"embeddable":true,"href":"https:\/\/jebliya.ma\/fr\/wp-json\/wp\/v2\/comments?post=143"}],"version-history":[{"count":2,"href":"https:\/\/jebliya.ma\/fr\/wp-json\/wp\/v2\/product\/143\/revisions"}],"predecessor-version":[{"id":677,"href":"https:\/\/jebliya.ma\/fr\/wp-json\/wp\/v2\/product\/143\/revisions\/677"}],"wp:featuredmedia":[{"embeddable":true,"href":"https:\/\/jebliya.ma\/fr\/wp-json\/wp\/v2\/media\/661"}],"wp:attachment":[{"href":"https:\/\/jebliya.ma\/fr\/wp-json\/wp\/v2\/media?parent=143"}],"wp:term":[{"taxonomy":"product_brand","embeddable":true,"href":"https:\/\/jebliya.ma\/fr\/wp-json\/wp\/v2\/product_brand?post=143"},{"taxonomy":"product_cat","embeddable":true,"href":"https:\/\/jebliya.ma\/fr\/wp-json\/wp\/v2\/product_cat?post=143"},{"taxonomy":"product_tag","embeddable":true,"href":"https:\/\/jebliya.ma\/fr\/wp-json\/wp\/v2\/product_tag?post=143"}],"curies":[{"name":"wp","href":"https:\/\/api.w.org\/{rel}","templated":true}]}}