{"id":266,"date":"2025-07-07T06:57:39","date_gmt":"2025-07-07T06:57:39","guid":{"rendered":"https:\/\/jebliya.ma\/?post_type=product&#038;p=266"},"modified":"2025-09-19T18:33:48","modified_gmt":"2025-09-19T18:33:48","slug":"olives-oil-2","status":"publish","type":"product","link":"https:\/\/jebliya.ma\/fr\/produit\/olives-oil-2\/","title":{"rendered":"\u0632\u064a\u062a \u0632\u064a\u062a\u0648\u0646 \u0628\u0643\u0631 \u0645\u0645\u062a\u0627\u0632 500 \u0645\u0644 \u2013 \u0637\u0628\u064a\u0639\u064a 100%"},"content":{"rendered":"","protected":false},"excerpt":{"rendered":"<p>\u0632\u062c\u0627\u062c\u0629 500 \u0645\u0644 \u0645\u0646 \u0632\u064a\u062a \u0627\u0644\u0632\u064a\u062a\u0648\u0646 \u0627\u0644\u0645\u063a\u0631\u0628\u064a \u0627\u0644\u0628\u0643\u0631 \u0627\u0644\u0645\u0645\u062a\u0627\u0632\u060c \u0645\u0639\u0635\u0648\u0631 \u0639\u0644\u0649 \u0627\u0644\u0628\u0627\u0631\u062f \u0644\u0644\u062d\u0641\u0627\u0638 \u0639\u0644\u0649 \u0637\u0639\u0645\u0647 \u0627\u0644\u063a\u0646\u064a \u0648\u0642\u064a\u0645\u062a\u0647 \u0627\u0644\u063a\u0630\u0627\u0626\u064a\u0629. \u0645\u0646\u0627\u0633\u0628 \u0644\u0644\u0627\u0633\u062a\u0639\u0645\u0627\u0644 \u0627\u0644\u064a\u0648\u0645\u064a \u0641\u064a \u0627\u0644\u0633\u0644\u0637\u0627\u062a \u0648\u0627\u0644\u0623\u0637\u0628\u0627\u0642 \u0627\u0644\u062a\u0642\u0644\u064a\u062f\u064a\u0629.<br data-start=\"356\" data-end=\"359\" \/>\u2705 \u062d\u062c\u0645 \u0645\u062b\u0627\u0644\u064a \u0644\u0644\u0627\u0633\u062a\u0639\u0645\u0627\u0644 \u0627\u0644\u0645\u0646\u0632\u0644\u064a<br data-start=\"388\" data-end=\"391\" \/>\u2705 \u0637\u0639\u0645 \u0641\u0631\u064a\u062f \u0648\u0646\u0643\u0647\u0629 \u0623\u0635\u0644\u064a\u0629<br data-start=\"413\" data-end=\"416\" \/>\u2705 \u0628\u062f\u0648\u0646 \u0625\u0636\u0627\u0641\u0627\u062a \u0623\u0648 \u0645\u0648\u0627\u062f \u062d\u0627\u0641\u0638\u0629<\/p>\n<p>D\u00e9couvrez la richesse authentique de l\u2019huile d\u2019olive extra vierge marocaine. Press\u00e9e \u00e0 froid \u00e0 partir d\u2019olives soigneusement s\u00e9lectionn\u00e9es, elle conserve toutes ses vertus nutritionnelles et son go\u00fbt fruit\u00e9 unique. Id\u00e9ale pour vos salades, plats traditionnels et cuisine saine au quotidien.<br data-start=\"650\" data-end=\"653\" \/>\u2705 100% naturelle<br data-start=\"669\" data-end=\"672\" \/>\u2705 Sans additifs ni conservateurs<br data-start=\"704\" data-end=\"707\" \/>\u2705 Source d\u2019antioxydants et d\u2019om\u00e9ga-9<\/p>\n<p>Poids: 500 mL<\/p>","protected":false},"featured_media":669,"comment_status":"open","ping_status":"closed","template":"","meta":[],"product_brand":[],"product_cat":[24],"product_tag":[],"class_list":{"0":"post-266","1":"product","2":"type-product","3":"status-publish","4":"has-post-thumbnail","6":"product_cat-olive-oil","8":"first","9":"instock","10":"shipping-taxable","11":"purchasable","12":"product-type-simple"},"_links":{"self":[{"href":"https:\/\/jebliya.ma\/fr\/wp-json\/wp\/v2\/product\/266","targetHints":{"allow":["GET"]}}],"collection":[{"href":"https:\/\/jebliya.ma\/fr\/wp-json\/wp\/v2\/product"}],"about":[{"href":"https:\/\/jebliya.ma\/fr\/wp-json\/wp\/v2\/types\/product"}],"replies":[{"embeddable":true,"href":"https:\/\/jebliya.ma\/fr\/wp-json\/wp\/v2\/comments?post=266"}],"version-history":[{"count":4,"href":"https:\/\/jebliya.ma\/fr\/wp-json\/wp\/v2\/product\/266\/revisions"}],"predecessor-version":[{"id":675,"href":"https:\/\/jebliya.ma\/fr\/wp-json\/wp\/v2\/product\/266\/revisions\/675"}],"wp:featuredmedia":[{"embeddable":true,"href":"https:\/\/jebliya.ma\/fr\/wp-json\/wp\/v2\/media\/669"}],"wp:attachment":[{"href":"https:\/\/jebliya.ma\/fr\/wp-json\/wp\/v2\/media?parent=266"}],"wp:term":[{"taxonomy":"product_brand","embeddable":true,"href":"https:\/\/jebliya.ma\/fr\/wp-json\/wp\/v2\/product_brand?post=266"},{"taxonomy":"product_cat","embeddable":true,"href":"https:\/\/jebliya.ma\/fr\/wp-json\/wp\/v2\/product_cat?post=266"},{"taxonomy":"product_tag","embeddable":true,"href":"https:\/\/jebliya.ma\/fr\/wp-json\/wp\/v2\/product_tag?post=266"}],"curies":[{"name":"wp","href":"https:\/\/api.w.org\/{rel}","templated":true}]}}