{"id":678,"date":"2025-09-19T18:40:45","date_gmt":"2025-09-19T18:40:45","guid":{"rendered":"https:\/\/jebliya.ma\/?post_type=product&#038;p=678"},"modified":"2025-09-19T18:40:45","modified_gmt":"2025-09-19T18:40:45","slug":"%d8%b2%d8%b9%d8%aa%d8%b1-%d8%a3%d9%88%d8%b1%d9%8a%d8%ba%d8%a7%d9%86%d9%88-75-%d8%ba-%d8%a8%d9%87%d8%a7%d8%b1-%d8%b7%d8%a8%d9%8a%d8%b9%d9%8a-%d8%b9%d8%b7%d8%b1%d9%8a","status":"publish","type":"product","link":"https:\/\/jebliya.ma\/fr\/produit\/%d8%b2%d8%b9%d8%aa%d8%b1-%d8%a3%d9%88%d8%b1%d9%8a%d8%ba%d8%a7%d9%86%d9%88-75-%d8%ba-%d8%a8%d9%87%d8%a7%d8%b1-%d8%b7%d8%a8%d9%8a%d8%b9%d9%8a-%d8%b9%d8%b7%d8%b1%d9%8a\/","title":{"rendered":"\u0632\u0639\u062a\u0631 (\u0623\u0648\u0631\u064a\u063a\u0627\u0646\u0648) 75 \u063a \u2013 \u0628\u0647\u0627\u0631 \u0637\u0628\u064a\u0639\u064a \u0639\u0637\u0631\u064a"},"content":{"rendered":"","protected":false},"excerpt":{"rendered":"<p>\u0632\u0639\u062a\u0631 \u0645\u063a\u0631\u0628\u064a \u0645\u062c\u0641\u0641 \u0630\u0648 \u0646\u0643\u0647\u0629 \u0642\u0648\u064a\u0629 \u0648\u0631\u0627\u0626\u062d\u0629 \u0639\u0637\u0631\u064a\u0629 \u0645\u0645\u064a\u0632\u0629. \u0645\u062b\u0627\u0644\u064a \u0644\u0625\u0636\u0627\u0641\u0629 \u0644\u0645\u0633\u0629 \u062a\u0642\u0644\u064a\u062f\u064a\u0629 \u0625\u0644\u0649 \u0627\u0644\u0623\u0637\u0628\u0627\u0642 \u0627\u0644\u0645\u063a\u0631\u0628\u064a\u0629 \u0648\u0627\u0644\u0645\u062a\u0648\u0633\u0637\u064a\u0629.<br data-start=\"1094\" data-end=\"1097\" \/>\u2714\ufe0f \u0646\u0643\u0647\u0629 \u0637\u0628\u064a\u0639\u064a\u0629 \u063a\u0646\u064a\u0629<br data-start=\"1116\" data-end=\"1119\" \/>\u2714\ufe0f \u064a\u0639\u0632\u0632 \u0627\u0644\u0637\u0639\u0645 \u0641\u064a \u0627\u0644\u0633\u0644\u0637\u0627\u062a \u0648\u0627\u0644\u0644\u062d\u0648\u0645<br data-start=\"1151\" data-end=\"1154\" \/>\u2714\ufe0f \u0645\u0635\u062f\u0631 \u0637\u0628\u064a\u0639\u064a \u0644\u0645\u0636\u0627\u062f\u0627\u062a \u0627\u0644\u0623\u0643\u0633\u062f\u0629<\/p>\n<p>Origan s\u00e9ch\u00e9 du Maroc au go\u00fbt intense et \u00e0 l\u2019ar\u00f4me parfum\u00e9. Id\u00e9al pour sublimer vos plats traditionnels marocains et m\u00e9diterran\u00e9ens.<br data-start=\"1407\" data-end=\"1410\" \/>\ud83c\udf3f Saveur riche et naturelle<br data-start=\"1438\" data-end=\"1441\" \/>\ud83c\udf3f Parfait pour salades, viandes et sauces<br data-start=\"1483\" data-end=\"1486\" \/>\ud83c\udf3f Source naturelle d\u2019antioxydants<\/p>","protected":false},"featured_media":663,"comment_status":"open","ping_status":"closed","template":"","meta":[],"product_brand":[],"product_cat":[15],"product_tag":[],"class_list":{"0":"post-678","1":"product","2":"type-product","3":"status-publish","4":"has-post-thumbnail","6":"product_cat-beauty-and-herbs-2","8":"first","9":"instock","10":"shipping-taxable","11":"product-type-simple"},"_links":{"self":[{"href":"https:\/\/jebliya.ma\/fr\/wp-json\/wp\/v2\/product\/678","targetHints":{"allow":["GET"]}}],"collection":[{"href":"https:\/\/jebliya.ma\/fr\/wp-json\/wp\/v2\/product"}],"about":[{"href":"https:\/\/jebliya.ma\/fr\/wp-json\/wp\/v2\/types\/product"}],"replies":[{"embeddable":true,"href":"https:\/\/jebliya.ma\/fr\/wp-json\/wp\/v2\/comments?post=678"}],"version-history":[{"count":1,"href":"https:\/\/jebliya.ma\/fr\/wp-json\/wp\/v2\/product\/678\/revisions"}],"predecessor-version":[{"id":679,"href":"https:\/\/jebliya.ma\/fr\/wp-json\/wp\/v2\/product\/678\/revisions\/679"}],"wp:featuredmedia":[{"embeddable":true,"href":"https:\/\/jebliya.ma\/fr\/wp-json\/wp\/v2\/media\/663"}],"wp:attachment":[{"href":"https:\/\/jebliya.ma\/fr\/wp-json\/wp\/v2\/media?parent=678"}],"wp:term":[{"taxonomy":"product_brand","embeddable":true,"href":"https:\/\/jebliya.ma\/fr\/wp-json\/wp\/v2\/product_brand?post=678"},{"taxonomy":"product_cat","embeddable":true,"href":"https:\/\/jebliya.ma\/fr\/wp-json\/wp\/v2\/product_cat?post=678"},{"taxonomy":"product_tag","embeddable":true,"href":"https:\/\/jebliya.ma\/fr\/wp-json\/wp\/v2\/product_tag?post=678"}],"curies":[{"name":"wp","href":"https:\/\/api.w.org\/{rel}","templated":true}]}}