{"id":680,"date":"2025-09-19T18:42:10","date_gmt":"2025-09-19T18:42:10","guid":{"rendered":"https:\/\/jebliya.ma\/?post_type=product&#038;p=680"},"modified":"2025-09-19T18:42:10","modified_gmt":"2025-09-19T18:42:10","slug":"%d8%a3%d9%88%d8%b1%d8%a7%d9%82-%d8%a7%d9%84%d8%b1%d9%8a%d8%ad%d8%a7%d9%86-%d8%a7%d9%84%d8%a8%d8%b1%d9%8a-myrtus-communis-40-%d8%ba-%d8%b7%d8%a8%d9%8a%d8%b9%d9%8a%d8%a9","status":"publish","type":"product","link":"https:\/\/jebliya.ma\/fr\/produit\/%d8%a3%d9%88%d8%b1%d8%a7%d9%82-%d8%a7%d9%84%d8%b1%d9%8a%d8%ad%d8%a7%d9%86-%d8%a7%d9%84%d8%a8%d8%b1%d9%8a-myrtus-communis-40-%d8%ba-%d8%b7%d8%a8%d9%8a%d8%b9%d9%8a%d8%a9\/","title":{"rendered":"\u0623\u0648\u0631\u0627\u0642 \u0627\u0644\u0631\u064a\u062d\u0627\u0646 \u0627\u0644\u0628\u0631\u064a (Myrtus Communis) 40 \u063a \u2013 \u0637\u0628\u064a\u0639\u064a\u0629"},"content":{"rendered":"","protected":false},"excerpt":{"rendered":"<p>\u0623\u0648\u0631\u0627\u0642 \u0627\u0644\u0631\u064a\u062d\u0627\u0646 \u0627\u0644\u0628\u0631\u064a \u0627\u0644\u0645\u062c\u0641\u0641\u0629 (\u0645\u0631\u062f\u0633\u0648\u0633) \u062a\u064f\u0633\u062a\u0639\u0645\u0644 \u0641\u064a \u0627\u0644\u0637\u0628 \u0627\u0644\u062a\u0642\u0644\u064a\u062f\u064a \u0648\u0627\u0644\u0645\u0637\u0628\u062e \u0627\u0644\u0645\u063a\u0631\u0628\u064a \u0644\u0625\u0636\u0627\u0641\u0629 \u0646\u0643\u0647\u0629 \u0639\u0637\u0631\u064a\u0629 \u0648\u0641\u0648\u0627\u0626\u062f \u0635\u062d\u064a\u0629.<br data-start=\"1774\" data-end=\"1777\" \/>\u2728 \u0631\u0627\u0626\u062d\u0629 \u0639\u0637\u0631\u064a\u0629 \u0645\u0645\u064a\u0632\u0629<br data-start=\"1796\" data-end=\"1799\" \/>\u2728 \u062a\u0633\u062a\u062e\u062f\u0645 \u0641\u064a \u0627\u0644\u0637\u0628\u062e \u0648\u0627\u0644\u0639\u0644\u0627\u062c\u0627\u062a \u0627\u0644\u062a\u0642\u0644\u064a\u062f\u064a\u0629<br data-start=\"1836\" data-end=\"1839\" \/>\u2728 \u0645\u062c\u0641\u0641\u0629 \u0648\u0637\u0628\u064a\u0639\u064a\u0629 100%<\/p>\n<p>Feuilles s\u00e9ch\u00e9es de myrte (Myrtus Communis), utilis\u00e9es dans la m\u00e9decine traditionnelle et la cuisine marocaine pour leurs bienfaits et leur ar\u00f4me d\u00e9licat.<br data-start=\"2118\" data-end=\"2121\" \/>\ud83c\udf3f Ar\u00f4me parfum\u00e9 unique<br data-start=\"2144\" data-end=\"2147\" \/>\ud83c\udf3f Utilis\u00e9es en cuisine et en rem\u00e8des naturels<br data-start=\"2193\" data-end=\"2196\" \/>\ud83c\udf3f S\u00e9ch\u00e9es et 100% naturelles<\/p>","protected":false},"featured_media":666,"comment_status":"open","ping_status":"closed","template":"","meta":[],"product_brand":[],"product_cat":[15],"product_tag":[],"class_list":{"0":"post-680","1":"product","2":"type-product","3":"status-publish","4":"has-post-thumbnail","6":"product_cat-beauty-and-herbs-2","8":"first","9":"instock","10":"shipping-taxable","11":"product-type-simple"},"_links":{"self":[{"href":"https:\/\/jebliya.ma\/fr\/wp-json\/wp\/v2\/product\/680","targetHints":{"allow":["GET"]}}],"collection":[{"href":"https:\/\/jebliya.ma\/fr\/wp-json\/wp\/v2\/product"}],"about":[{"href":"https:\/\/jebliya.ma\/fr\/wp-json\/wp\/v2\/types\/product"}],"replies":[{"embeddable":true,"href":"https:\/\/jebliya.ma\/fr\/wp-json\/wp\/v2\/comments?post=680"}],"version-history":[{"count":1,"href":"https:\/\/jebliya.ma\/fr\/wp-json\/wp\/v2\/product\/680\/revisions"}],"predecessor-version":[{"id":681,"href":"https:\/\/jebliya.ma\/fr\/wp-json\/wp\/v2\/product\/680\/revisions\/681"}],"wp:featuredmedia":[{"embeddable":true,"href":"https:\/\/jebliya.ma\/fr\/wp-json\/wp\/v2\/media\/666"}],"wp:attachment":[{"href":"https:\/\/jebliya.ma\/fr\/wp-json\/wp\/v2\/media?parent=680"}],"wp:term":[{"taxonomy":"product_brand","embeddable":true,"href":"https:\/\/jebliya.ma\/fr\/wp-json\/wp\/v2\/product_brand?post=680"},{"taxonomy":"product_cat","embeddable":true,"href":"https:\/\/jebliya.ma\/fr\/wp-json\/wp\/v2\/product_cat?post=680"},{"taxonomy":"product_tag","embeddable":true,"href":"https:\/\/jebliya.ma\/fr\/wp-json\/wp\/v2\/product_tag?post=680"}],"curies":[{"name":"wp","href":"https:\/\/api.w.org\/{rel}","templated":true}]}}