{"id":682,"date":"2025-09-19T18:43:46","date_gmt":"2025-09-19T18:43:46","guid":{"rendered":"https:\/\/jebliya.ma\/?post_type=product&#038;p=682"},"modified":"2025-09-19T18:43:46","modified_gmt":"2025-09-19T18:43:46","slug":"%d9%81%d9%84%d9%8a%d9%88-%d9%86%d8%b9%d9%86%d8%a7%d8%b9-%d8%a8%d8%b1%d9%8a-75-%d8%ba-%d8%a3%d8%b9%d8%b4%d8%a7%d8%a8-%d8%b7%d8%a8%d9%8a%d8%b9%d9%8a%d8%a9","status":"publish","type":"product","link":"https:\/\/jebliya.ma\/fr\/produit\/%d9%81%d9%84%d9%8a%d9%88-%d9%86%d8%b9%d9%86%d8%a7%d8%b9-%d8%a8%d8%b1%d9%8a-75-%d8%ba-%d8%a3%d8%b9%d8%b4%d8%a7%d8%a8-%d8%b7%d8%a8%d9%8a%d8%b9%d9%8a%d8%a9\/","title":{"rendered":"\u0641\u0644\u064a\u0648 (\u0646\u0639\u0646\u0627\u0639 \u0628\u0631\u064a) 75 \u063a \u2013 \u0623\u0639\u0634\u0627\u0628 \u0637\u0628\u064a\u0639\u064a\u0629"},"content":{"rendered":"","protected":false},"excerpt":{"rendered":"<p>\u0641\u0644\u064a\u0648 \u0645\u063a\u0631\u0628\u064a (\u0646\u0639\u0646\u0627\u0639 \u0628\u0631\u064a) \u0645\u062c\u0641\u0641\u060c \u0645\u0634\u0647\u0648\u0631 \u0628\u0641\u0648\u0627\u0626\u062f\u0647 \u0627\u0644\u0635\u062d\u064a\u0629 \u062e\u0635\u0648\u0635\u0627\u064b \u0641\u064a \u0639\u0644\u0627\u062c \u0645\u0634\u0627\u0643\u0644 \u0627\u0644\u062c\u0647\u0627\u0632 \u0627\u0644\u0647\u0636\u0645\u064a. \u064a\u0633\u062a\u062e\u062f\u0645 \u0623\u064a\u0636\u0627\u064b \u0644\u062a\u062d\u0636\u064a\u0631 \u0634\u0627\u064a \u0645\u0646\u0639\u0634 \u0648\u0635\u062d\u064a.<br data-start=\"2452\" data-end=\"2455\" \/>\u2714\ufe0f \u064a\u062e\u0641\u0641 \u0645\u0646 \u0627\u0636\u0637\u0631\u0627\u0628\u0627\u062a \u0627\u0644\u0645\u0639\u062f\u0629<br data-start=\"2481\" data-end=\"2484\" \/>\u2714\ufe0f \u0645\u062b\u0627\u0644\u064a \u0644\u0644\u0634\u0627\u064a \u0627\u0644\u0645\u063a\u0631\u0628\u064a \u0627\u0644\u062a\u0642\u0644\u064a\u062f\u064a<br data-start=\"2515\" data-end=\"2518\" \/>\u2714\ufe0f \u0623\u0639\u0634\u0627\u0628 \u0637\u0628\u064a\u0639\u064a\u0629 \u0645\u062c\u0641\u0641\u0629<\/p>\n<p>Fleo du Maroc (menthe sauvage) s\u00e9ch\u00e9e, r\u00e9put\u00e9e pour ses bienfaits digestifs et utilis\u00e9e dans la pr\u00e9paration du th\u00e9 traditionnel marocain.<br data-start=\"2774\" data-end=\"2777\" \/>\ud83c\udf3f Soulage les troubles digestifs<br data-start=\"2810\" data-end=\"2813\" \/>\ud83c\udf3f Id\u00e9al pour le th\u00e9 marocain authentique<br data-start=\"2854\" data-end=\"2857\" \/>\ud83c\udf3f Herbes s\u00e9ch\u00e9es et naturelles<\/p>","protected":false},"featured_media":667,"comment_status":"open","ping_status":"closed","template":"","meta":[],"product_brand":[],"product_cat":[15],"product_tag":[],"class_list":{"0":"post-682","1":"product","2":"type-product","3":"status-publish","4":"has-post-thumbnail","6":"product_cat-beauty-and-herbs-2","8":"first","9":"instock","10":"shipping-taxable","11":"product-type-simple"},"_links":{"self":[{"href":"https:\/\/jebliya.ma\/fr\/wp-json\/wp\/v2\/product\/682","targetHints":{"allow":["GET"]}}],"collection":[{"href":"https:\/\/jebliya.ma\/fr\/wp-json\/wp\/v2\/product"}],"about":[{"href":"https:\/\/jebliya.ma\/fr\/wp-json\/wp\/v2\/types\/product"}],"replies":[{"embeddable":true,"href":"https:\/\/jebliya.ma\/fr\/wp-json\/wp\/v2\/comments?post=682"}],"version-history":[{"count":1,"href":"https:\/\/jebliya.ma\/fr\/wp-json\/wp\/v2\/product\/682\/revisions"}],"predecessor-version":[{"id":683,"href":"https:\/\/jebliya.ma\/fr\/wp-json\/wp\/v2\/product\/682\/revisions\/683"}],"wp:featuredmedia":[{"embeddable":true,"href":"https:\/\/jebliya.ma\/fr\/wp-json\/wp\/v2\/media\/667"}],"wp:attachment":[{"href":"https:\/\/jebliya.ma\/fr\/wp-json\/wp\/v2\/media?parent=682"}],"wp:term":[{"taxonomy":"product_brand","embeddable":true,"href":"https:\/\/jebliya.ma\/fr\/wp-json\/wp\/v2\/product_brand?post=682"},{"taxonomy":"product_cat","embeddable":true,"href":"https:\/\/jebliya.ma\/fr\/wp-json\/wp\/v2\/product_cat?post=682"},{"taxonomy":"product_tag","embeddable":true,"href":"https:\/\/jebliya.ma\/fr\/wp-json\/wp\/v2\/product_tag?post=682"}],"curies":[{"name":"wp","href":"https:\/\/api.w.org\/{rel}","templated":true}]}}